{"id":3051,"date":"2023-12-14T08:33:13","date_gmt":"2023-12-14T08:33:13","guid":{"rendered":"https:\/\/bognarelectronics.com\/forum\/"},"modified":"2025-02-24T09:53:37","modified_gmt":"2025-02-24T08:53:37","slug":"forum","status":"publish","type":"page","link":"https:\/\/bognarelectronics.com\/hu\/forum\/","title":{"rendered":"F\u00f3rum"},"content":{"rendered":"<div data-elementor-type=\"wp-page\" data-elementor-id=\"3051\" class=\"elementor elementor-3051\" data-elementor-post-type=\"page\">\n\t\t\t\t\t\t<section class=\"elementor-section elementor-top-section elementor-element elementor-element-1e71820f elementor-section-height-full elementor-section-items-top elementor-section-boxed elementor-section-height-default\" data-id=\"1e71820f\" data-element_type=\"section\" data-e-type=\"section\" data-settings=\"{&quot;background_background&quot;:&quot;classic&quot;}\">\n\t\t\t\t\t\t<div class=\"elementor-container elementor-column-gap-default\">\n\t\t\t\t\t<div class=\"elementor-column elementor-col-100 elementor-top-column elementor-element elementor-element-25b0a653\" data-id=\"25b0a653\" data-element_type=\"column\" data-e-type=\"column\">\n\t\t\t<div class=\"elementor-widget-wrap elementor-element-populated\">\n\t\t\t\t\t\t<div class=\"elementor-element elementor-element-b5bbe80 elementor-widget elementor-widget-image\" data-id=\"b5bbe80\" data-element_type=\"widget\" data-e-type=\"widget\" data-widget_type=\"image.default\">\n\t\t\t\t<div class=\"elementor-widget-container\">\n\t\t\t\t\t\t\t\t\t\t\t\t\t\t\t\t<a href=\"https:\/\/bognarelectronics.com\/hu\/\">\n\t\t\t\t\t\t\t<img decoding=\"async\" width=\"300\" height=\"17\" src=\"https:\/\/bognarelectronics.com\/wp-content\/uploads\/2023\/01\/logo-300x17.png\" class=\"attachment-medium size-medium wp-image-459\" alt=\"Logo\" srcset=\"https:\/\/bognarelectronics.com\/wp-content\/uploads\/2023\/01\/logo-300x17.png 300w, https:\/\/bognarelectronics.com\/wp-content\/uploads\/2023\/01\/logo-800x45.png 800w, https:\/\/bognarelectronics.com\/wp-content\/uploads\/2023\/01\/logo-1024x57.png 1024w, https:\/\/bognarelectronics.com\/wp-content\/uploads\/2023\/01\/logo-768x43.png 768w, https:\/\/bognarelectronics.com\/wp-content\/uploads\/2023\/01\/logo-1536x86.png 1536w, https:\/\/bognarelectronics.com\/wp-content\/uploads\/2023\/01\/logo-2048x114.png 2048w, https:\/\/bognarelectronics.com\/wp-content\/uploads\/2023\/01\/logo-1140x64.png 1140w, https:\/\/bognarelectronics.com\/wp-content\/uploads\/2023\/01\/logo-920x51.png 920w, https:\/\/bognarelectronics.com\/wp-content\/uploads\/2023\/01\/logo-575x32.png 575w, https:\/\/bognarelectronics.com\/wp-content\/uploads\/2023\/01\/logo-380x21.png 380w\" sizes=\"(max-width: 300px) 100vw, 300px\" \/>\t\t\t\t\t\t\t\t<\/a>\n\t\t\t\t\t\t\t\t\t\t\t\t\t\t\t<\/div>\n\t\t\t\t<\/div>\n\t\t\t\t<div class=\"elementor-element elementor-element-5e42b863 elementor-widget elementor-widget-shortcode\" data-id=\"5e42b863\" data-element_type=\"widget\" data-e-type=\"widget\" data-widget_type=\"shortcode.default\">\n\t\t\t\t<div class=\"elementor-widget-container\">\n\t\t\t\t\t\t\t<div class=\"elementor-shortcode\"><div id=\"af-wrapper\"><div id=\"forum-header\"><div id=\"forum-navigation-mobile\"><a><span class=\"fas fa-bars\"><\/span>Menu<\/a><\/div><span class=\"screen-reader-text\">Forum Navigation<\/span><div id=\"forum-navigation\"><a class=\"home-link\" href=\"https:\/\/bognarelectronics.com\/hu\/forum\" target=\"_self\">F\u00f3rum<\/a><a class=\"members-link\" href=\"https:\/\/bognarelectronics.com\/hu\/forum\/members\/\" target=\"_self\">Members<\/a><a class=\"activity-link\" href=\"https:\/\/bognarelectronics.com\/hu\/forum\/activity\/\" target=\"_self\">Activity<\/a><a class=\"login-link\" href=\"#login-popup\" target=\"_self\">Bejelentkez\u00e9s<\/a><a class=\"register-link\" href=\"https:\/\/bognarelectronics.com\/hu\/my-account\" target=\"_self\">Register<\/a><\/div><div id=\"forum-search\"><span class=\"search-icon fas fa-search\"><\/span><form method=\"get\" action=\"https:\/\/bognarelectronics.com\/hu\/forum\/search\/\" data-trp-original-action=\"https:\/\/bognarelectronics.com\/hu\/forum\/search\/\"><input name=\"keywords\" type=\"search\" placeholder=\"Search ...\" value=\"\"><input type=\"hidden\" name=\"trp-form-language\" value=\"hu\"\/><\/form><\/div><div class=\"clear\"><\/div><\/div><div id=\"forum-breadcrumbs\" itemscope itemtype=\"http:\/\/schema.org\/BreadcrumbList\"><span class=\"screen-reader-text\">Forum breadcrumbs - You are here:<\/span><span class=\"breadcrumb-icon fas fa-home\"><\/span><span itemprop=\"itemListElement\" itemscope itemtype=\"https:\/\/schema.org\/ListItem\"><a itemprop=\"item\" href=\"https:\/\/bognarelectronics.com\/hu\/forum\" title=\"Bognar Pickup System F\u00f3rum\"><span itemprop=\"name\">Bognar Pickup System F\u00f3rum<\/span><\/a><meta itemprop=\"position\" content=\"1\"><\/span><span class=\"breadcrumb-icon fas fa-chevron-right separator\"><\/span><\/div><h1 class=\"main-title main-title-\">Bognar Pickup System F\u00f3rum<\/h1><div class=\"title-element\" id=\"forum-category-51\">ST PRO<span class=\"last-post-headline\">Last post<\/span><\/div><div class=\"content-container\"><div class=\"content-element forum\" id=\"forum-3\"><div class=\"forum-status unread\"><i class=\"fas fa-comments\"><\/i><\/div><div class=\"forum-name\"><a class=\"forum-title\" href=\"https:\/\/bognarelectronics.com\/hu\/forum\/forum\/st-pro-discussion\/\">ST PRO General Discussion<\/a><small class=\"forum-description\">General discussion about the ST PRO version of the Bognar Pickup System<\/small><small class=\"forum-stats\">6 Topics&nbsp;&middot;&nbsp;22 bejegyz\u00e9s<\/small><small class=\"forum-lastpost-small\">Last post:&nbsp;<a href=\"https:\/\/bognarelectronics.com\/hu\/forum\/topic\/wow\/#postid-45\">Wow!<\/a>&nbsp;&middot;&nbsp;<a href=\"https:\/\/bognarelectronics.com\/hu\/forum\/topic\/wow\/#postid-45\">1 h\u00f3nap id\u0151vel kor\u00e1bban<\/a>&nbsp;&middot;&nbsp;<a class=\"profile-link highlight-admin\" href=\"https:\/\/bognarelectronics.com\/hu\/forum\/profile\/admin\/\">admin<\/a><\/small><\/div><div class=\"forum-poster\"><div class=\"forum-poster-avatar\"><img alt='' src='https:\/\/secure.gravatar.com\/avatar\/731fb68467f3b4e2ae555efc5ef3919a30c8807ec851ebd93a904ab159399138?s=40&#038;d=mm&#038;r=g' srcset='https:\/\/secure.gravatar.com\/avatar\/731fb68467f3b4e2ae555efc5ef3919a30c8807ec851ebd93a904ab159399138?s=80&#038;d=mm&#038;r=g 2x' class='avatar avatar-40 photo' height='40' width='40' \/><\/div><div class=\"forum-poster-summary\"><a href=\"https:\/\/bognarelectronics.com\/hu\/forum\/topic\/wow\/#postid-45\">Wow!<\/a><br><small><a href=\"https:\/\/bognarelectronics.com\/hu\/forum\/topic\/wow\/#postid-45\">1 h\u00f3nap id\u0151vel kor\u00e1bban<\/a><span>&nbsp;&middot;&nbsp;<\/span><a class=\"profile-link highlight-admin\" href=\"https:\/\/bognarelectronics.com\/hu\/forum\/profile\/admin\/\">admin<\/a><\/small><\/div><\/div><\/div><div class=\"content-element forum\" id=\"forum-6\"><div class=\"forum-status unread\"><i class=\"fas fa-comments\"><\/i><\/div><div class=\"forum-name\"><a class=\"forum-title\" href=\"https:\/\/bognarelectronics.com\/hu\/forum\/forum\/st-pro-magyar-hungarian\/\">ST PRO Magyar (Hungarian)<\/a><small class=\"forum-description\">\u00c1ltal\u00e1nos besz\u00e9lget\u00e9sek az ST PRO verzi\u00f3hoz<\/small><small class=\"forum-stats\">4 Topics&nbsp;&middot;&nbsp;7 bejegyz\u00e9s<\/small><small class=\"forum-lastpost-small\">Last post:&nbsp;<a href=\"https:\/\/bognarelectronics.com\/hu\/forum\/topic\/kompatibilitas\/#postid-29\">Kompatibilit\u00e1s<\/a>&nbsp;&middot;&nbsp;<a href=\"https:\/\/bognarelectronics.com\/hu\/forum\/topic\/kompatibilitas\/#postid-29\">9 h\u00f3nap id\u0151vel kor\u00e1bban<\/a>&nbsp;&middot;&nbsp;<a class=\"profile-link highlight-default\" href=\"https:\/\/bognarelectronics.com\/hu\/forum\/profile\/nexus-a67\/\">Attila<\/a><\/small><\/div><div class=\"forum-poster\"><div class=\"forum-poster-avatar\"><img alt='' src='https:\/\/secure.gravatar.com\/avatar\/5ac47a8b0e922683c95e61041c3e674f5622ad784ca0ab3b62a9ff22b791f6ce?s=40&#038;d=mm&#038;r=g' srcset='https:\/\/secure.gravatar.com\/avatar\/5ac47a8b0e922683c95e61041c3e674f5622ad784ca0ab3b62a9ff22b791f6ce?s=80&#038;d=mm&#038;r=g 2x' class='avatar avatar-40 photo' height='40' width='40' \/><\/div><div class=\"forum-poster-summary\"><a href=\"https:\/\/bognarelectronics.com\/hu\/forum\/topic\/kompatibilitas\/#postid-29\">Kompatibilit\u00e1s<\/a><br><small><a href=\"https:\/\/bognarelectronics.com\/hu\/forum\/topic\/kompatibilitas\/#postid-29\">9 h\u00f3nap id\u0151vel kor\u00e1bban<\/a><span>&nbsp;&middot;&nbsp;<\/span><a class=\"profile-link highlight-default\" href=\"https:\/\/bognarelectronics.com\/hu\/forum\/profile\/nexus-a67\/\">Attila<\/a><\/small><\/div><\/div><\/div><div class=\"content-element forum\" id=\"forum-4\"><div class=\"forum-status read\"><i class=\"fas fa-comments\"><\/i><\/div><div class=\"forum-name\"><a class=\"forum-title\" href=\"https:\/\/bognarelectronics.com\/hu\/forum\/forum\/st-pro-preset-exchange\/\">ST PRO Preset megoszt\u00e1s<\/a><small class=\"forum-description\">Oszd meg a presetjeidet m\u00e1sokkal!<\/small><small class=\"forum-stats\">0 Topics&nbsp;&middot;&nbsp;0 bejegyz\u00e9s<\/small><small class=\"forum-lastpost-small\"><small class=\"no-topics\">No topics yet!<\/small><\/small><\/div><div class=\"forum-poster\"><small class=\"no-topics\">No topics yet!<\/small><\/div><\/div><div class=\"content-element forum\" id=\"forum-5\"><div class=\"forum-status read\"><i class=\"fas fa-comments\"><\/i><\/div><div class=\"forum-name\"><a class=\"forum-title\" href=\"https:\/\/bognarelectronics.com\/hu\/forum\/forum\/st-pro-support\/\">ST PRO Support<\/a><small class=\"forum-description\">Support for the users of the ST PRO version<\/small><small class=\"forum-stats\">0 Topics&nbsp;&middot;&nbsp;0 bejegyz\u00e9s<\/small><small class=\"forum-lastpost-small\"><small class=\"no-topics\">No topics yet!<\/small><\/small><\/div><div class=\"forum-poster\"><small class=\"no-topics\">No topics yet!<\/small><\/div><\/div><div class=\"content-element forum\" id=\"forum-7\"><div class=\"forum-status read\"><i class=\"fas fa-comments\"><\/i><\/div><div class=\"forum-name\"><a class=\"forum-title\" href=\"https:\/\/bognarelectronics.com\/hu\/forum\/forum\/st-pro-tamogatas-hungarian\/\">ST PRO T\u00e1mogat\u00e1s (Hungarian)<\/a><small class=\"forum-description\">Technikai t\u00e1mogat\u00e1s \u00e9s hibaelh\u00e1r\u00edt\u00e1s az ST PRO-hoz.<\/small><small class=\"forum-stats\">0 Topics&nbsp;&middot;&nbsp;0 bejegyz\u00e9s<\/small><small class=\"forum-lastpost-small\"><small class=\"no-topics\">No topics yet!<\/small><\/small><\/div><div class=\"forum-poster\"><small class=\"no-topics\">No topics yet!<\/small><\/div><\/div><\/div><div id=\"read-unread\"><span class=\"indicator unread\"><\/span><span class=\"indicator-label\">\u00daj bejegyz\u00e9s<\/span><span class=\"indicator read\"><\/span><span class=\"indicator-label\">Nothing new<\/span><span class=\"indicator-label\"><span class=\"fas fa-check\"><\/span><a href=\"https:\/\/bognarelectronics.com\/hu\/forum\/markallread\/?_wpnonce=fd4790b850\">Olvasottk\u00e9nt jel\u00f6lve<\/a><\/span><span class=\"indicator-label\"><span class=\"fas fa-history\"><\/span><a href=\"https:\/\/bognarelectronics.com\/hu\/forum\/unread\/\">Show Unread Topics<\/a><\/span><div class=\"clear\"><\/div><\/div><div id=\"statistics\"><div class=\"title-element title-element-dark\"><span class=\"title-element-icon fas fa-chart-pie\"><\/span>Statisztika<\/div><div id=\"statistics-body\"><div id=\"statistics-elements\"><div class=\"statistics-element\"><div class=\"element-number\"><span class=\"statistics-element-icon far fa-comments\"><\/span>10<\/div><div class=\"element-name\">Topics<\/div><\/div><div class=\"statistics-element\"><div class=\"element-number\"><span class=\"statistics-element-icon far fa-comment\"><\/span>29<\/div><div class=\"element-name\">Posts<\/div><\/div><div class=\"statistics-element\"><div class=\"element-number\"><span class=\"statistics-element-icon far fa-eye\"><\/span>6&nbsp;674<\/div><div class=\"element-name\">Megtekint\u00e9sek<\/div><\/div><div class=\"statistics-element\"><div class=\"element-number\"><span class=\"statistics-element-icon far fa-user\"><\/span>2&nbsp;612<\/div><div class=\"element-name\">Users<\/div><\/div><\/div><\/div><div class=\"clear\"><\/div><\/div><div id=\"bottom-navigation\"><\/div><div class=\"clear\"><\/div><\/div><\/div>\n\t\t\t\t\t\t<\/div>\n\t\t\t\t<\/div>\n\t\t\t\t\t<\/div>\n\t\t<\/div>\n\t\t\t\t\t<\/div>\n\t\t<\/section>\n\t\t\t\t<\/div>","protected":false},"excerpt":{"rendered":"","protected":false},"author":1,"featured_media":0,"parent":0,"menu_order":0,"comment_status":"closed","ping_status":"closed","template":"elementor_canvas","meta":{"footnotes":""},"class_list":["post-3051","page","type-page","status-publish","hentry"],"yoast_head":"<!-- This site is optimized with the Yoast SEO Premium plugin v27.5 (Yoast SEO v27.5) - https:\/\/yoast.com\/product\/yoast-seo-premium-wordpress\/ -->\n<title>Forum - Bognar Electronics<\/title>\n<meta name=\"robots\" content=\"index, follow, max-snippet:-1, max-image-preview:large, max-video-preview:-1\" \/>\n<link rel=\"canonical\" href=\"https:\/\/bognarelectronics.com\/hu\/forum\/\" \/>\n<meta property=\"og:locale\" content=\"hu_HU\" \/>\n<meta property=\"og:type\" content=\"article\" \/>\n<meta property=\"og:title\" content=\"Forum\" \/>\n<meta property=\"og:url\" content=\"https:\/\/bognarelectronics.com\/hu\/forum\/\" \/>\n<meta property=\"og:site_name\" content=\"Bognar Electronics\" \/>\n<meta property=\"article:publisher\" content=\"https:\/\/www.facebook.com\/bognarelectronics\" \/>\n<meta property=\"article:modified_time\" content=\"2025-02-24T08:53:37+00:00\" \/>\n<meta property=\"og:image\" content=\"https:\/\/bognarelectronics.com\/wp-content\/uploads\/2023\/01\/logo.png\" \/>\n\t<meta property=\"og:image:width\" content=\"2560\" \/>\n\t<meta property=\"og:image:height\" content=\"143\" \/>\n\t<meta property=\"og:image:type\" content=\"image\/png\" \/>\n<meta name=\"twitter:card\" content=\"summary_large_image\" \/>\n<script type=\"application\/ld+json\" class=\"yoast-schema-graph\">{\"@context\":\"https:\\\/\\\/schema.org\",\"@graph\":[{\"@type\":\"WebPage\",\"@id\":\"https:\\\/\\\/bognarelectronics.com\\\/forum\\\/\",\"url\":\"https:\\\/\\\/bognarelectronics.com\\\/forum\\\/\",\"name\":\"Forum - Bognar Electronics\",\"isPartOf\":{\"@id\":\"https:\\\/\\\/bognarelectronics.com\\\/#website\"},\"primaryImageOfPage\":{\"@id\":\"https:\\\/\\\/bognarelectronics.com\\\/forum\\\/#primaryimage\"},\"image\":{\"@id\":\"https:\\\/\\\/bognarelectronics.com\\\/forum\\\/#primaryimage\"},\"thumbnailUrl\":\"https:\\\/\\\/bognarelectronics.com\\\/wp-content\\\/uploads\\\/2023\\\/01\\\/logo-300x17.png\",\"datePublished\":\"2023-12-14T08:33:13+00:00\",\"dateModified\":\"2025-02-24T08:53:37+00:00\",\"breadcrumb\":{\"@id\":\"https:\\\/\\\/bognarelectronics.com\\\/forum\\\/#breadcrumb\"},\"inLanguage\":\"hu\",\"potentialAction\":[{\"@type\":\"ReadAction\",\"target\":[\"https:\\\/\\\/bognarelectronics.com\\\/forum\\\/\"]}]},{\"@type\":\"ImageObject\",\"inLanguage\":\"hu\",\"@id\":\"https:\\\/\\\/bognarelectronics.com\\\/forum\\\/#primaryimage\",\"url\":\"https:\\\/\\\/bognarelectronics.com\\\/wp-content\\\/uploads\\\/2023\\\/01\\\/logo-300x17.png\",\"contentUrl\":\"https:\\\/\\\/bognarelectronics.com\\\/wp-content\\\/uploads\\\/2023\\\/01\\\/logo-300x17.png\"},{\"@type\":\"BreadcrumbList\",\"@id\":\"https:\\\/\\\/bognarelectronics.com\\\/forum\\\/#breadcrumb\",\"itemListElement\":[{\"@type\":\"ListItem\",\"position\":1,\"name\":\"Home\",\"item\":\"https:\\\/\\\/bognarelectronics.com\\\/\"},{\"@type\":\"ListItem\",\"position\":2,\"name\":\"Forum\"}]},{\"@type\":\"WebSite\",\"@id\":\"https:\\\/\\\/bognarelectronics.com\\\/#website\",\"url\":\"https:\\\/\\\/bognarelectronics.com\\\/\",\"name\":\"Bognar Electronics\",\"description\":\"Bognar Pickup System, the new generation of guitar electronics\",\"publisher\":{\"@id\":\"https:\\\/\\\/bognarelectronics.com\\\/#organization\"},\"alternateName\":\"Bognar Pickups\",\"potentialAction\":[{\"@type\":\"SearchAction\",\"target\":{\"@type\":\"EntryPoint\",\"urlTemplate\":\"https:\\\/\\\/bognarelectronics.com\\\/?s={search_term_string}\"},\"query-input\":{\"@type\":\"PropertyValueSpecification\",\"valueRequired\":true,\"valueName\":\"search_term_string\"}}],\"inLanguage\":\"hu\"},{\"@type\":\"Organization\",\"@id\":\"https:\\\/\\\/bognarelectronics.com\\\/#organization\",\"name\":\"Bognar Electronics\",\"alternateName\":\"Bognar Pickups\",\"url\":\"https:\\\/\\\/bognarelectronics.com\\\/\",\"logo\":{\"@type\":\"ImageObject\",\"inLanguage\":\"hu\",\"@id\":\"https:\\\/\\\/bognarelectronics.com\\\/#\\\/schema\\\/logo\\\/image\\\/\",\"url\":\"https:\\\/\\\/bognarelectronics.com\\\/wp-content\\\/uploads\\\/2023\\\/01\\\/logo.png\",\"contentUrl\":\"https:\\\/\\\/bognarelectronics.com\\\/wp-content\\\/uploads\\\/2023\\\/01\\\/logo.png\",\"width\":2560,\"height\":143,\"caption\":\"Bognar Electronics\"},\"image\":{\"@id\":\"https:\\\/\\\/bognarelectronics.com\\\/#\\\/schema\\\/logo\\\/image\\\/\"},\"sameAs\":[\"https:\\\/\\\/www.facebook.com\\\/bognarelectronics\"],\"description\":\"We create cutting-edge guitar electronics that combine versatility, excellent sound quality, and user-friendly design for passionate musicians who demand the best.\",\"email\":\"info@bognarelectronics.com\",\"telephone\":\"+36305999219\",\"legalName\":\"BONASATI Kft.\",\"vatID\":\"HU13599445\",\"taxID\":\"13599445-2-13\",\"duns\":\"401476572\",\"hasMerchantReturnPolicy\":{\"@type\":\"MerchantReturnPolicy\",\"merchantReturnLink\":\"https:\\\/\\\/bognarelectronics.com\\\/hu\\\/return-policy\\\/\"}}]}<\/script>\n<!-- \/ Yoast SEO Premium plugin. -->","yoast_head_json":{"title":"Forum - Bognar Electronics","robots":{"index":"index","follow":"follow","max-snippet":"max-snippet:-1","max-image-preview":"max-image-preview:large","max-video-preview":"max-video-preview:-1"},"canonical":"https:\/\/bognarelectronics.com\/hu\/forum\/","og_locale":"hu_HU","og_type":"article","og_title":"Forum","og_url":"https:\/\/bognarelectronics.com\/hu\/forum\/","og_site_name":"Bognar Electronics","article_publisher":"https:\/\/www.facebook.com\/bognarelectronics","article_modified_time":"2025-02-24T08:53:37+00:00","og_image":[{"width":2560,"height":143,"url":"https:\/\/bognarelectronics.com\/wp-content\/uploads\/2023\/01\/logo.png","type":"image\/png"}],"twitter_card":"summary_large_image","schema":{"@context":"https:\/\/schema.org","@graph":[{"@type":"WebPage","@id":"https:\/\/bognarelectronics.com\/forum\/","url":"https:\/\/bognarelectronics.com\/forum\/","name":"Forum - Bognar Electronics","isPartOf":{"@id":"https:\/\/bognarelectronics.com\/#website"},"primaryImageOfPage":{"@id":"https:\/\/bognarelectronics.com\/forum\/#primaryimage"},"image":{"@id":"https:\/\/bognarelectronics.com\/forum\/#primaryimage"},"thumbnailUrl":"https:\/\/bognarelectronics.com\/wp-content\/uploads\/2023\/01\/logo-300x17.png","datePublished":"2023-12-14T08:33:13+00:00","dateModified":"2025-02-24T08:53:37+00:00","breadcrumb":{"@id":"https:\/\/bognarelectronics.com\/forum\/#breadcrumb"},"inLanguage":"hu","potentialAction":[{"@type":"ReadAction","target":["https:\/\/bognarelectronics.com\/forum\/"]}]},{"@type":"ImageObject","inLanguage":"hu","@id":"https:\/\/bognarelectronics.com\/forum\/#primaryimage","url":"https:\/\/bognarelectronics.com\/wp-content\/uploads\/2023\/01\/logo-300x17.png","contentUrl":"https:\/\/bognarelectronics.com\/wp-content\/uploads\/2023\/01\/logo-300x17.png"},{"@type":"BreadcrumbList","@id":"https:\/\/bognarelectronics.com\/forum\/#breadcrumb","itemListElement":[{"@type":"ListItem","position":1,"name":"Home","item":"https:\/\/bognarelectronics.com\/"},{"@type":"ListItem","position":2,"name":"Forum"}]},{"@type":"WebSite","@id":"https:\/\/bognarelectronics.com\/#website","url":"https:\/\/bognarelectronics.com\/","name":"Bognar Electronics","description":"Bognar Pickup System, a git\u00e1relektronik\u00e1k \u00faj gener\u00e1ci\u00f3ja","publisher":{"@id":"https:\/\/bognarelectronics.com\/#organization"},"alternateName":"Bognar Pickups","potentialAction":[{"@type":"SearchAction","target":{"@type":"EntryPoint","urlTemplate":"https:\/\/bognarelectronics.com\/?s={search_term_string}"},"query-input":{"@type":"PropertyValueSpecification","valueRequired":true,"valueName":"search_term_string"}}],"inLanguage":"hu"},{"@type":"Organization","@id":"https:\/\/bognarelectronics.com\/#organization","name":"Bognar Electronics","alternateName":"Bognar Pickups","url":"https:\/\/bognarelectronics.com\/","logo":{"@type":"ImageObject","inLanguage":"hu","@id":"https:\/\/bognarelectronics.com\/#\/schema\/logo\/image\/","url":"https:\/\/bognarelectronics.com\/wp-content\/uploads\/2023\/01\/logo.png","contentUrl":"https:\/\/bognarelectronics.com\/wp-content\/uploads\/2023\/01\/logo.png","width":2560,"height":143,"caption":"Bognar Electronics"},"image":{"@id":"https:\/\/bognarelectronics.com\/#\/schema\/logo\/image\/"},"sameAs":["https:\/\/www.facebook.com\/bognarelectronics"],"description":"We create cutting-edge guitar electronics that combine versatility, excellent sound quality, and user-friendly design for passionate musicians who demand the best.","email":"info@bognarelectronics.com","telephone":"+36305999219","legalName":"BONASATI Kft.","vatID":"HU13599445","taxID":"13599445-2-13","duns":"401476572","hasMerchantReturnPolicy":{"@type":"MerchantReturnPolicy","merchantReturnLink":"https:\/\/bognarelectronics.com\/hu\/return-policy\/"}}]}},"jetpack_sharing_enabled":true,"_links":{"self":[{"href":"https:\/\/bognarelectronics.com\/hu\/wp-json\/wp\/v2\/pages\/3051","targetHints":{"allow":["GET"]}}],"collection":[{"href":"https:\/\/bognarelectronics.com\/hu\/wp-json\/wp\/v2\/pages"}],"about":[{"href":"https:\/\/bognarelectronics.com\/hu\/wp-json\/wp\/v2\/types\/page"}],"author":[{"embeddable":true,"href":"https:\/\/bognarelectronics.com\/hu\/wp-json\/wp\/v2\/users\/1"}],"replies":[{"embeddable":true,"href":"https:\/\/bognarelectronics.com\/hu\/wp-json\/wp\/v2\/comments?post=3051"}],"version-history":[{"count":1,"href":"https:\/\/bognarelectronics.com\/hu\/wp-json\/wp\/v2\/pages\/3051\/revisions"}],"predecessor-version":[{"id":4370,"href":"https:\/\/bognarelectronics.com\/hu\/wp-json\/wp\/v2\/pages\/3051\/revisions\/4370"}],"wp:attachment":[{"href":"https:\/\/bognarelectronics.com\/hu\/wp-json\/wp\/v2\/media?parent=3051"}],"curies":[{"name":"wp","href":"https:\/\/api.w.org\/{rel}","templated":true}]}}